{"id":81990,"date":"2023-06-22T13:31:53","date_gmt":"2023-06-22T13:31:53","guid":{"rendered":"https:\/\/casadoarquiteto.pt\/?page_id=81990"},"modified":"2023-07-21T09:45:18","modified_gmt":"2023-07-21T09:45:18","slug":"architect","status":"publish","type":"page","link":"https:\/\/casadoarquiteto.pt\/pt\/architect\/","title":{"rendered":"O ARQUITETO"},"content":{"rendered":"<p>[vc_row][vc_column][vc_column_text]Eduardo Souto Moura<\/p>\n<p>&nbsp;<\/p>\n<p>Eduardo El\u00edsio Machado Souto de Moura nasceu no Porto, em 25 de Julho de 1952.<\/p>\n<p>Frequentou o curso de Arquitetura na Escola Superior de Belas Artes do Porto e na Faculdade de Arquitetura da Universidade do Porto. No decurso da sua carreira estudantil colaborou no atelier de \u00c1lvaro Siza Vieira entre 1974 e 1979.<\/p>\n<p>Em 1980, ano da conclus\u00e3o da licenciatura, recebeu o seu primeiro pr\u00e9mio, atribu\u00eddo pela Funda\u00e7\u00e3o Engenheiro Ant\u00f3nio de Almeida, e iniciou a atividade de arquiteto como profissional liberal.<br \/>\nEm 1981 foi nomeado assistente do curso de Arquitetura da FAUP, institui\u00e7\u00e3o onde lecionou at\u00e9 1990 e \u00e0 qual regressou, mais tarde, em 2003.<\/p>\n<p>Como grandes refer\u00eancias da sua obra devem referir-se, al\u00e9m de Siza Vieira (1933 -), os arquitetos Mies van der Rohe (1886-1969) e Aldo Rossi (1931-1997), as experi\u00eancias californianas dos anos 50 e 60 (Craig Ellwood, Pierre K\u00f6ning e as &#8220;case study houses&#8221;), a arte minimalista (Donald Judd e Sol Lewitt). Souto de Moura foi tamb\u00e9m influenciado por Bernardo Soares, um dos heter\u00f3nimos do poeta Fernando Pessoa (1888-1935), por Roland Barthes (1915-1980), pensador e escritor franc\u00eas, pelo pintor catal\u00e3o Antoni Tapi\u00e8s (1923-) e pelo artista alem\u00e3o Beuys (1921-1986).<\/p>\n<p>Durante os anos oitenta e noventa do s\u00e9culo XX foi professor convidado de diversas faculdades e escolas de Arquitetura europeias: Faculdade de Arquitetura de Paris-Belleville (1988), escolas de Arquitetura de Harvard e de Dublin (1989), ETH de Zurich (entre 1990 e 1991) e Escola de Arquitetura de Lausanne (Professor Convidado em 1994).<\/p>\n<p>A conceituada figura da chamada &#8220;Escola de Arquitetura do Porto&#8221; tem in\u00fameras obras espalhadas pelo pa\u00eds e fora dele. De entre os projetos de Souto de Moura podem enunciar-se o Mercado Municipal e o Est\u00e1dio Municipal de Braga (Est\u00e1dio Axa); a Casa das Artes, a Casa do Cinema de Manoel de Oliveira e o Edif\u00edcio Burgo, no Porto; a Ponte dell\u2019 Accademia, em Veneza (It\u00e1lia). Dignas de nota s\u00e3o tamb\u00e9m as interven\u00e7\u00f5es patrimoniais no Convento de Santa Maria do Bouro, em Amares, no edif\u00edcio da Alf\u00e2ndega Nova (atual Museu dos Transportes e Comunica\u00e7\u00f5es\/Centro de Congressos e Exposi\u00e7\u00f5es) e na antiga Cadeia da Rela\u00e7\u00e3o (convertida no Centro Portugu\u00eas de Fotografia), no Porto, e as interven\u00e7\u00f5es territoriais na Faixa Marginal de Matosinhos, no Metro do Porto e na Pra\u00e7a do Munic\u00edpio da Maia.<\/p>\n<p>Projeto em co-autoria com \u00c2ngelo de Sousa intitulado C\u00e1 fora. Arquitetura desassossegada.Durante os \u00faltimos anos, Souto de Moura tamb\u00e9m tem trabalhado na \u00e1rea do design de produto e, em 2008, em conjunto com o artista pl\u00e1stico \u00c2ngelo de Sousa, participou na XI.\u00aa Bienal Internacional de Arquitetura de Veneza, em representa\u00e7\u00e3o de Portugal, com um projeto em co-autoria intitulado &#8220;C\u00e1 fora. Arquitetura desassossegada.&#8221; O primeiro Arquiteto a receber o pr\u00e9mio Pessoa n\u00e3o aprecia o relativismo e a desordem do mundo atual. Nos seus trabalhos procura criar uma paisagem exata e respeitar a constru\u00e7\u00e3o, a estrutura, a infraestrutura e os acabamentos das op\u00e7\u00f5es originais. Gostava de ter desenhado o Part\u00e9non \u2013 a maior obra de arquitetura existente, segundo o pr\u00f3prio \u2013 e o Pavilh\u00e3o de Barcelona de Mies Van der Rohe, projetado pelo arquiteto que mais admira.<\/p>\n<p>Em 2011, Souto de Moura tornou-se no segundo arquiteto portugu\u00eas, depois de Siza Vieira (1992), a alcan\u00e7ar o Pr\u00e9mio Pritzeker de Arquitetura, o mais conceituado galard\u00e3o nesta \u00e1rea, atribu\u00eddo desde 1979 pela americana Hyatt Foundation aos maiores nomes da Arquitetura mundial, como \u00d3scar Niemeyer (1988), Frank Gehry (1898), Norman Foster (1999) e Rem Koolhaas (2000).<\/p>\n<p>Eduardo Souto de Moura vive no Porto com a fam\u00edlia, na Pra\u00e7a de Li\u00e8ge, Foz do Douro, numa moradia com 3 habita\u00e7\u00f5es que ele pr\u00f3prio projetou e onde \u00e9 vizinho de Siza Vieira. Trabalha nas proximidades da sua casa, num edif\u00edcio que partilha com o arquiteto Siza Vieira e Rog\u00e9rio Cavaca.<\/p>\n<p>Em 2016 foi premiado pela X Bienal Ibero-americana de Arquitetura e Urbanismo (BIAU), em Madrid, &#8220;pelo importante contributo do seu ensino em universidade de diversos pa\u00edses&#8221;.[\/vc_column_text][\/vc_column][\/vc_row]<\/p>","protected":false},"excerpt":{"rendered":"<p>[vc_row][vc_column][vc_column_text]Eduardo Souto Moura &nbsp; Eduardo El\u00edsio Machado Souto de Moura nasceu no Porto, em 25 de Julho de 1952. Frequentou o curso de Arquitetura na Escola Superior de Belas Artes do Porto e na Faculdade de Arquitetura da Universidade do Porto. No decurso da sua carreira estudantil colaborou no atelier de \u00c1lvaro Siza Vieira entre [&hellip;]<\/p>\n","protected":false},"author":4,"featured_media":0,"parent":0,"menu_order":0,"comment_status":"closed","ping_status":"closed","template":"","meta":{"inline_featured_image":false,"footnotes":""},"class_list":["post-81990","page","type-page","status-publish","hentry"],"_links":{"self":[{"href":"https:\/\/casadoarquiteto.pt\/pt\/wp-json\/wp\/v2\/pages\/81990","targetHints":{"allow":["GET"]}}],"collection":[{"href":"https:\/\/casadoarquiteto.pt\/pt\/wp-json\/wp\/v2\/pages"}],"about":[{"href":"https:\/\/casadoarquiteto.pt\/pt\/wp-json\/wp\/v2\/types\/page"}],"author":[{"embeddable":true,"href":"https:\/\/casadoarquiteto.pt\/pt\/wp-json\/wp\/v2\/users\/4"}],"replies":[{"embeddable":true,"href":"https:\/\/casadoarquiteto.pt\/pt\/wp-json\/wp\/v2\/comments?post=81990"}],"version-history":[{"count":0,"href":"https:\/\/casadoarquiteto.pt\/pt\/wp-json\/wp\/v2\/pages\/81990\/revisions"}],"wp:attachment":[{"href":"https:\/\/casadoarquiteto.pt\/pt\/wp-json\/wp\/v2\/media?parent=81990"}],"curies":[{"name":"wp","href":"https:\/\/api.w.org\/{rel}","templated":true}]}}